{"id":33,"date":"2026-01-12T01:26:49","date_gmt":"2026-01-12T01:26:49","guid":{"rendered":"https:\/\/jamesdeanbyrdfoundation.org\/home\/"},"modified":"2026-01-22T23:24:47","modified_gmt":"2026-01-22T23:24:47","slug":"home","status":"publish","type":"page","link":"https:\/\/jamesdeanbyrdfoundation.org\/es\/","title":{"rendered":"Inicio"},"content":{"rendered":"<div class=\"inherit-container-width wp-block-group alignfull is-style-ext-preset--group--natural-1--section has-background-background-color has-background is-layout-constrained wp-block-group-is-layout-constrained\" style=\"margin-top:0;margin-bottom:0;padding-top:var(--wp--preset--spacing--50);padding-bottom:var(--wp--preset--spacing--70)\">\n<div class=\"wp-block-columns alignwide is-layout-flex wp-container-core-columns-is-layout-08c01c1c wp-block-columns-is-layout-flex\">\n<div class=\"wp-block-column is-vertically-aligned-stretch is-layout-flow wp-block-column-is-layout-flow\">\n<div class=\"wp-block-group alignwide is-style-ext-preset--group--natural-1--item-card-1--align-start has-tertiary-background-color has-background is-nowrap is-layout-flex wp-container-core-group-is-layout-bcde1d39 wp-block-group-is-layout-flex\" style=\"min-height:100%;padding-top:0;padding-right:0;padding-bottom:0;padding-left:0\">\n<div class=\"wp-block-group alignwide is-vertical is-layout-flex wp-container-core-group-is-layout-fa0d61a1 wp-block-group-is-layout-flex\" style=\"padding-top:var(--wp--preset--spacing--50);padding-right:var(--wp--preset--spacing--50);padding-bottom:var(--wp--preset--spacing--50);padding-left:var(--wp--preset--spacing--50)\">\n<div class=\"wp-block-group is-layout-constrained wp-container-core-group-is-layout-812d5580 wp-block-group-is-layout-constrained\" style=\"padding-top:0;padding-right:0;padding-bottom:0;padding-left:0\">\n<h1 class=\"wp-block-heading has-xx-large-font-size\"><strong>El objetivo de la escuela Los Algarrobos<\/strong><\/h1>\n\n\n\n<p style=\"font-size:18px\"><strong>Facilitar que los ni\u00f1os se conviertan en ciudadanos globales, a trav\u00e9s del idioma y el conocimiento, en un ambiente de investigaci\u00f3n y acciones responsables. Proporcionar un entorno de aprendizaje para que los ni\u00f1os se conviertan en personas biling\u00fces, respetuosas y responsables. Somos una organizaci\u00f3n sin fines de lucro 501-3c, deducible de impuestos.<br><br><\/strong><\/p>\n<\/div>\n\n\n\n<div class=\"wp-block-buttons is-layout-flex wp-block-buttons-is-layout-flex\">\n<div class=\"wp-block-button is-style-ext-preset--button--natural-1--button-1\"><a class=\"wp-block-button__link wp-element-button\" href=\"https:\/\/jamesdeanbyrdfoundation.org\/es\/services\/\">M\u00e1s informaci\u00f3n<\/a><\/div>\n<\/div>\n<\/div>\n<\/div>\n<\/div>\n\n\n\n<div class=\"wp-block-column is-vertically-aligned-stretch is-layout-flow wp-block-column-is-layout-flow\">\n<div class=\"wp-block-cover is-light is-style-ext-preset--image--natural-1--image-1--content-right\" style=\"min-height:100vh;aspect-ratio:unset;\"><video class=\"wp-block-cover__video-background intrinsic-ignore\" autoplay muted loop playsinline src=\"https:\/\/jamesdeanbyrdfoundation.org\/wp-content\/uploads\/2026\/01\/WhatsApp-Video-2026-01-18-at-3.07.51-PM.mp4\" data-object-fit=\"cover\"><\/video><span aria-hidden=\"true\" class=\"wp-block-cover__background has-background-dim-0 has-background-dim\" style=\"background-color:#FFF\"><\/span><div class=\"wp-block-cover__inner-container is-layout-flow wp-block-cover-is-layout-flow\">\n<div style=\"height:320px\" aria-hidden=\"true\" class=\"wp-block-spacer\"><\/div>\n<\/div><\/div>\n<\/div>\n<\/div>\n<\/div>\n\n\n\n<div class=\"inherit-container-width wp-block-group alignfull is-style-ext-preset--group--natural-1--section has-tertiary-background-color has-background is-layout-constrained wp-block-group-is-layout-constrained\" id=\"about\" style=\"margin-top:0;margin-bottom:0;padding-top:var(--wp--preset--spacing--70);padding-bottom:var(--wp--preset--spacing--70)\">\n<div class=\"wp-block-columns alignwide are-vertically-aligned-center is-layout-flex wp-container-core-columns-is-layout-174606dc wp-block-columns-is-layout-flex\">\n<div class=\"wp-block-column is-vertically-aligned-center is-layout-flow wp-block-column-is-layout-flow\">\n<div class=\"wp-block-group alignwide is-vertical is-layout-flex wp-container-core-group-is-layout-c35747d5 wp-block-group-is-layout-flex\">\n<div class=\"wp-block-group is-layout-constrained wp-container-core-group-is-layout-dd32767c wp-block-group-is-layout-constrained\">\n<h2 class=\"wp-block-heading\"><strong>La Escuela Biling\u00fce Los Algarrobos<\/strong>:<\/h2>\n\n\n\n<p>Ofrecer clases con un n\u00famero reducido de alumnos para fomentar la educaci\u00f3n individualizada y el aprendizaje a trav\u00e9s del pensamiento cr\u00edtico.<\/p>\n\n\n\n<p>Inspirar respeto, responsabilidad, civismo y compasi\u00f3n a trav\u00e9s de interacciones positivas con todos los estudiantes, padres y maestros.<\/p>\n\n\n\n<p>Implementar programas de intercambio intercultural, aprendizaje experiencial y desarrollo de habilidades para la vida.<\/p>\n\n\n\n<p>Ense\u00f1anza del idioma ingl\u00e9s por parte de profesores nativos y cualificados.<\/p>\n\n\n\n<p>Mantener un entorno de aprendizaje seguro y saludable en el que los ni\u00f1os puedan jugar, expresarse libremente y disfrutar de su educaci\u00f3n.<\/p>\n<\/div>\n<\/div>\n<\/div>\n\n\n\n<div class=\"wp-block-column is-vertically-aligned-center is-layout-flow wp-block-column-is-layout-flow\">\n<figure class=\"wp-block-image size-large is-style-ext-preset--image--natural-1--image-1--content-left\"><img loading=\"lazy\" decoding=\"async\" width=\"1280\" height=\"960\" src=\"https:\/\/jamesdeanbyrdfoundation.org\/wp-content\/uploads\/2026\/01\/WhatsApp-Image-2026-01-18-1-at-3.10.12-PM-edited.jpeg\" alt=\"\" class=\"wp-image-73\" style=\"aspect-ratio:1;object-fit:cover\" srcset=\"https:\/\/jamesdeanbyrdfoundation.org\/wp-content\/uploads\/2026\/01\/WhatsApp-Image-2026-01-18-1-at-3.10.12-PM-edited.jpeg 1280w, https:\/\/jamesdeanbyrdfoundation.org\/wp-content\/uploads\/2026\/01\/WhatsApp-Image-2026-01-18-1-at-3.10.12-PM-edited-300x225.jpeg 300w, https:\/\/jamesdeanbyrdfoundation.org\/wp-content\/uploads\/2026\/01\/WhatsApp-Image-2026-01-18-1-at-3.10.12-PM-edited-1024x768.jpeg 1024w, https:\/\/jamesdeanbyrdfoundation.org\/wp-content\/uploads\/2026\/01\/WhatsApp-Image-2026-01-18-1-at-3.10.12-PM-edited-768x576.jpeg 768w\" sizes=\"auto, (max-width: 1280px) 100vw, 1280px\" \/><\/figure>\n<\/div>\n<\/div>\n<\/div>\n\n\n<style>.pp-F4D8Q4CEDNZH2{text-align:center;border:none;border-radius:0.25rem;min-width:11.625rem;padding:0 2rem;height:2.625rem;font-weight:bold;background-color:#FFD140;color:#000000;font-family:\"Helvetica Neue\",Arial,sans-serif;font-size:1rem;line-height:1.25rem;cursor:pointer;}<\/style>\n<div>\n<form action=\"https:\/\/www.paypal.com\/ncp\/payment\/F4D8Q4CEDNZH2?at_code=WooNCPS_Ecom_Wordpress\" method=\"post\" target=\"_blank\" style=\"display:inline-grid;justify-items:center;align-content:start;gap:0.5rem;\">\n  <input class=\"pp-F4D8Q4CEDNZH2\" type=\"submit\" value=\"Donar ahora\" \/>\n  <img decoding=\"async\" src=\"https:\/\/www.paypalobjects.com\/images\/Debit_Credit_APM.svg\" alt=\"cards\" \/>\n  <section style=\"font-size: 0.75rem;\"> Desarrollado por <img decoding=\"async\" src=\"https:\/\/www.paypalobjects.com\/paypal-ui\/logos\/svg\/paypal-wordmark-color.svg\" alt=\"paypal\" style=\"height:0.875rem;vertical-align:middle;\"\/><\/section>\n<\/form>\n<\/div>","protected":false},"excerpt":{"rendered":"<p>El objetivo de la escuela Los Algarrobos es ayudar a los ni\u00f1os a convertirse en ciudadanos del mundo, a trav\u00e9s del idioma y el conocimiento, en un ambiente de [\u2026]<\/p>","protected":false},"author":1,"featured_media":0,"parent":0,"menu_order":0,"comment_status":"closed","ping_status":"closed","template":"","meta":{"site-sidebar-layout":"default","site-content-layout":"","ast-site-content-layout":"default","site-content-style":"default","site-sidebar-style":"default","ast-global-header-display":"","ast-banner-title-visibility":"","ast-main-header-display":"","ast-hfb-above-header-display":"","ast-hfb-below-header-display":"","ast-hfb-mobile-header-display":"","site-post-title":"","ast-breadcrumbs-content":"","ast-featured-img":"","footer-sml-layout":"","ast-disable-related-posts":"","theme-transparent-header-meta":"","adv-header-id-meta":"","stick-header-meta":"","header-above-stick-meta":"","header-main-stick-meta":"","header-below-stick-meta":"","astra-migrate-meta-layouts":"default","ast-page-background-enabled":"default","ast-page-background-meta":{"desktop":{"background-color":"var(--ast-global-color-5)","background-image":"","background-repeat":"repeat","background-position":"center center","background-size":"auto","background-attachment":"scroll","background-type":"","background-media":"","overlay-type":"","overlay-color":"","overlay-opacity":"","overlay-gradient":""},"tablet":{"background-color":"","background-image":"","background-repeat":"repeat","background-position":"center center","background-size":"auto","background-attachment":"scroll","background-type":"","background-media":"","overlay-type":"","overlay-color":"","overlay-opacity":"","overlay-gradient":""},"mobile":{"background-color":"","background-image":"","background-repeat":"repeat","background-position":"center center","background-size":"auto","background-attachment":"scroll","background-type":"","background-media":"","overlay-type":"","overlay-color":"","overlay-opacity":"","overlay-gradient":""}},"ast-content-background-meta":{"desktop":{"background-color":"var(--ast-global-color-4)","background-image":"","background-repeat":"repeat","background-position":"center center","background-size":"auto","background-attachment":"scroll","background-type":"","background-media":"","overlay-type":"","overlay-color":"","overlay-opacity":"","overlay-gradient":""},"tablet":{"background-color":"var(--ast-global-color-4)","background-image":"","background-repeat":"repeat","background-position":"center center","background-size":"auto","background-attachment":"scroll","background-type":"","background-media":"","overlay-type":"","overlay-color":"","overlay-opacity":"","overlay-gradient":""},"mobile":{"background-color":"var(--ast-global-color-4)","background-image":"","background-repeat":"repeat","background-position":"center center","background-size":"auto","background-attachment":"scroll","background-type":"","background-media":"","overlay-type":"","overlay-color":"","overlay-opacity":"","overlay-gradient":""}},"footnotes":""},"class_list":["post-33","page","type-page","status-publish","hentry"],"aioseo_notices":[],"_links":{"self":[{"href":"https:\/\/jamesdeanbyrdfoundation.org\/es\/wp-json\/wp\/v2\/pages\/33","targetHints":{"allow":["GET"]}}],"collection":[{"href":"https:\/\/jamesdeanbyrdfoundation.org\/es\/wp-json\/wp\/v2\/pages"}],"about":[{"href":"https:\/\/jamesdeanbyrdfoundation.org\/es\/wp-json\/wp\/v2\/types\/page"}],"author":[{"embeddable":true,"href":"https:\/\/jamesdeanbyrdfoundation.org\/es\/wp-json\/wp\/v2\/users\/1"}],"replies":[{"embeddable":true,"href":"https:\/\/jamesdeanbyrdfoundation.org\/es\/wp-json\/wp\/v2\/comments?post=33"}],"version-history":[{"count":9,"href":"https:\/\/jamesdeanbyrdfoundation.org\/es\/wp-json\/wp\/v2\/pages\/33\/revisions"}],"predecessor-version":[{"id":118,"href":"https:\/\/jamesdeanbyrdfoundation.org\/es\/wp-json\/wp\/v2\/pages\/33\/revisions\/118"}],"wp:attachment":[{"href":"https:\/\/jamesdeanbyrdfoundation.org\/es\/wp-json\/wp\/v2\/media?parent=33"}],"curies":[{"name":"wp","href":"https:\/\/api.w.org\/{rel}","templated":true}]}}