{"id":32,"date":"2026-01-12T01:26:48","date_gmt":"2026-01-12T01:26:48","guid":{"rendered":"https:\/\/jamesdeanbyrdfoundation.org\/services\/"},"modified":"2026-01-24T15:41:04","modified_gmt":"2026-01-24T15:41:04","slug":"services","status":"publish","type":"page","link":"https:\/\/jamesdeanbyrdfoundation.org\/es\/services\/","title":{"rendered":"Servicios"},"content":{"rendered":"<div class=\"inherit-container-width wp-block-group alignfull is-style-ext-preset--group--natural-1--section has-background-background-color has-background is-layout-constrained wp-container-core-group-is-layout-843e5a6d wp-block-group-is-layout-constrained\" id=\"about\" style=\"margin-top:0;margin-bottom:0;padding-top:var(--wp--preset--spacing--70);padding-bottom:var(--wp--preset--spacing--70)\">\n<div class=\"wp-block-group alignwide is-vertical is-content-justification-center is-layout-flex wp-container-core-group-is-layout-c9ee0c5a wp-block-group-is-layout-flex\">\n<div class=\"wp-block-group is-layout-constrained wp-container-core-group-is-layout-2287c683 wp-block-group-is-layout-constrained\">\n<h2 class=\"wp-block-heading has-text-align-center\">Fomentar la ciudadan\u00eda global a trav\u00e9s de la ense\u00f1anza de idiomas<\/h2>\n\n\n\n<p class=\"has-text-align-center\">Dedicados a apoyar a una peque\u00f1a escuela primaria ecuatoriana, promovemos la educaci\u00f3n biling\u00fce y el aprendizaje basado en la investigaci\u00f3n para formar j\u00f3venes estudiantes responsables y curiosos.<\/p>\n<\/div>\n<\/div>\n\n\n\n<figure class=\"wp-block-image size-large is-style-ext-preset-image-natural-1-image-1--content-any is-style-ext-preset--image--natural-1--image-1--content-any\"><img loading=\"lazy\" decoding=\"async\" width=\"1024\" height=\"768\" src=\"https:\/\/jamesdeanbyrdfoundation.org\/wp-content\/uploads\/2026\/01\/WhatsApp-Image-2026-01-21-at-11.18.14-AM-1024x768.jpeg\" alt=\"\" class=\"wp-image-128\" style=\"aspect-ratio:4\/3;object-fit:cover\" srcset=\"https:\/\/jamesdeanbyrdfoundation.org\/wp-content\/uploads\/2026\/01\/WhatsApp-Image-2026-01-21-at-11.18.14-AM-1024x768.jpeg 1024w, https:\/\/jamesdeanbyrdfoundation.org\/wp-content\/uploads\/2026\/01\/WhatsApp-Image-2026-01-21-at-11.18.14-AM-300x225.jpeg 300w, https:\/\/jamesdeanbyrdfoundation.org\/wp-content\/uploads\/2026\/01\/WhatsApp-Image-2026-01-21-at-11.18.14-AM-768x576.jpeg 768w, https:\/\/jamesdeanbyrdfoundation.org\/wp-content\/uploads\/2026\/01\/WhatsApp-Image-2026-01-21-at-11.18.14-AM-1536x1152.jpeg 1536w, https:\/\/jamesdeanbyrdfoundation.org\/wp-content\/uploads\/2026\/01\/WhatsApp-Image-2026-01-21-at-11.18.14-AM.jpeg 1600w\" sizes=\"auto, (max-width: 1024px) 100vw, 1024px\" \/><\/figure>\n<\/div>\n\n\n\n<div class=\"inherit-container-width wp-block-group alignfull is-style-ext-preset--group--natural-1--section has-tertiary-background-color has-background is-layout-constrained wp-container-core-group-is-layout-e955bbaf wp-block-group-is-layout-constrained\" id=\"services\" style=\"margin-top:0;margin-bottom:0;padding-top:var(--wp--preset--spacing--70);padding-bottom:var(--wp--preset--spacing--70)\">\n<div class=\"wp-block-group alignwide is-vertical is-layout-flex wp-container-core-group-is-layout-c35747d5 wp-block-group-is-layout-flex\">\n<div class=\"wp-block-group is-layout-constrained wp-container-core-group-is-layout-5e05634a wp-block-group-is-layout-constrained\">\n<h2 class=\"wp-block-heading\">Fomentar la curiosidad y la responsabilidad en los j\u00f3venes estudiantes<\/h2>\n\n\n\n<p class=\"has-text-align-left\">Explore nuestros programas especializados que apoyan la educaci\u00f3n biling\u00fce y la ciudadan\u00eda global para los ni\u00f1os.<\/p>\n<\/div>\n<\/div>\n\n\n\n<div class=\"wp-block-columns alignwide is-layout-flex wp-container-core-columns-is-layout-08c01c1c wp-block-columns-is-layout-flex\">\n<div class=\"wp-block-column is-vertically-aligned-stretch is-layout-flow wp-container-core-column-is-layout-119bc444 wp-block-column-is-layout-flow\">\n<div class=\"wp-block-media-text is-stacked-on-mobile is-image-fill-element is-style-ext-preset--media-text--natural-1--card-1 has-background-background-color has-background\"><figure class=\"wp-block-media-text__media\"><img loading=\"lazy\" decoding=\"async\" width=\"1024\" height=\"768\" src=\"https:\/\/jamesdeanbyrdfoundation.org\/wp-content\/uploads\/2026\/01\/WhatsApp-Image-2026-01-21-at-12.09.52-AM-1024x768.jpeg\" alt=\"\" class=\"wp-image-134 size-full\" style=\"object-position:50% 50%\" srcset=\"https:\/\/jamesdeanbyrdfoundation.org\/wp-content\/uploads\/2026\/01\/WhatsApp-Image-2026-01-21-at-12.09.52-AM-1024x768.jpeg 1024w, https:\/\/jamesdeanbyrdfoundation.org\/wp-content\/uploads\/2026\/01\/WhatsApp-Image-2026-01-21-at-12.09.52-AM-300x225.jpeg 300w, https:\/\/jamesdeanbyrdfoundation.org\/wp-content\/uploads\/2026\/01\/WhatsApp-Image-2026-01-21-at-12.09.52-AM-768x576.jpeg 768w, https:\/\/jamesdeanbyrdfoundation.org\/wp-content\/uploads\/2026\/01\/WhatsApp-Image-2026-01-21-at-12.09.52-AM-1536x1152.jpeg 1536w, https:\/\/jamesdeanbyrdfoundation.org\/wp-content\/uploads\/2026\/01\/WhatsApp-Image-2026-01-21-at-12.09.52-AM.jpeg 1600w\" sizes=\"auto, (max-width: 1024px) 100vw, 1024px\" \/><\/figure><div class=\"wp-block-media-text__content\">\n<div class=\"wp-block-group is-style-default is-layout-constrained wp-container-core-group-is-layout-9a7b35d3 wp-block-group-is-layout-constrained\" style=\"padding-top:var(--wp--preset--spacing--40);padding-right:var(--wp--preset--spacing--30);padding-bottom:var(--wp--preset--spacing--40);padding-left:var(--wp--preset--spacing--30)\">\n<h3 class=\"wp-block-heading\" style=\"font-size:24px\">Inmersi\u00f3n ling\u00fc\u00edstica biling\u00fce<\/h3>\n\n\n\n<p class=\"has-small-font-size\">Un programa que fomenta las habilidades ling\u00fc\u00edsticas a trav\u00e9s de experiencias atractivas e interactivas en el aula.<\/p>\n<\/div>\n<\/div><\/div>\n<\/div>\n\n\n\n<div class=\"wp-block-column is-vertically-aligned-stretch is-layout-flow wp-container-core-column-is-layout-119bc444 wp-block-column-is-layout-flow\">\n<div class=\"wp-block-media-text is-stacked-on-mobile is-image-fill-element is-style-ext-preset--media-text--natural-1--card-1 has-background-background-color has-background\"><figure class=\"wp-block-media-text__media\"><img loading=\"lazy\" decoding=\"async\" width=\"1024\" height=\"768\" src=\"https:\/\/jamesdeanbyrdfoundation.org\/wp-content\/uploads\/2026\/01\/WhatsApp-Image-2026-01-21-at-12.03.19-AM-1024x768.jpeg\" alt=\"\" class=\"wp-image-133 size-full\" style=\"object-position:50% 50%\" srcset=\"https:\/\/jamesdeanbyrdfoundation.org\/wp-content\/uploads\/2026\/01\/WhatsApp-Image-2026-01-21-at-12.03.19-AM-1024x768.jpeg 1024w, https:\/\/jamesdeanbyrdfoundation.org\/wp-content\/uploads\/2026\/01\/WhatsApp-Image-2026-01-21-at-12.03.19-AM-300x225.jpeg 300w, https:\/\/jamesdeanbyrdfoundation.org\/wp-content\/uploads\/2026\/01\/WhatsApp-Image-2026-01-21-at-12.03.19-AM-768x576.jpeg 768w, https:\/\/jamesdeanbyrdfoundation.org\/wp-content\/uploads\/2026\/01\/WhatsApp-Image-2026-01-21-at-12.03.19-AM-1536x1152.jpeg 1536w, https:\/\/jamesdeanbyrdfoundation.org\/wp-content\/uploads\/2026\/01\/WhatsApp-Image-2026-01-21-at-12.03.19-AM.jpeg 1600w\" sizes=\"auto, (max-width: 1024px) 100vw, 1024px\" \/><\/figure><div class=\"wp-block-media-text__content\">\n<div class=\"wp-block-group is-style-default is-layout-constrained wp-container-core-group-is-layout-9a7b35d3 wp-block-group-is-layout-constrained\" style=\"padding-top:var(--wp--preset--spacing--40);padding-right:var(--wp--preset--spacing--30);padding-bottom:var(--wp--preset--spacing--40);padding-left:var(--wp--preset--spacing--30)\">\n<h3 class=\"wp-block-heading\" style=\"font-size:24px\">Talleres de ciudadan\u00eda global<\/h3>\n\n\n\n<p class=\"has-small-font-size\">Talleres dise\u00f1ados para fomentar la responsabilidad y la conciencia cultural entre los estudiantes de primaria.<\/p>\n<\/div>\n<\/div><\/div>\n<\/div>\n<\/div>\n\n\n\n<div class=\"wp-block-columns alignwide is-layout-flex wp-container-core-columns-is-layout-967d05ff wp-block-columns-is-layout-flex\" style=\"margin-top:var(--wp--preset--spacing--40)\">\n<div class=\"wp-block-column is-vertically-aligned-stretch is-layout-flow wp-container-core-column-is-layout-119bc444 wp-block-column-is-layout-flow\">\n<div class=\"wp-block-media-text is-stacked-on-mobile is-image-fill-element is-style-ext-preset--media-text--natural-1--card-1 has-background-background-color has-background\"><figure class=\"wp-block-media-text__media\"><img loading=\"lazy\" decoding=\"async\" width=\"1024\" height=\"969\" src=\"https:\/\/jamesdeanbyrdfoundation.org\/wp-content\/uploads\/2026\/01\/WhatsApp-Image-2026-01-21-at-11.13.10-AM-1024x969.jpeg\" alt=\"\" class=\"wp-image-150 size-full\" style=\"object-position:50% 50%\" srcset=\"https:\/\/jamesdeanbyrdfoundation.org\/wp-content\/uploads\/2026\/01\/WhatsApp-Image-2026-01-21-at-11.13.10-AM-1024x969.jpeg 1024w, https:\/\/jamesdeanbyrdfoundation.org\/wp-content\/uploads\/2026\/01\/WhatsApp-Image-2026-01-21-at-11.13.10-AM-300x284.jpeg 300w, https:\/\/jamesdeanbyrdfoundation.org\/wp-content\/uploads\/2026\/01\/WhatsApp-Image-2026-01-21-at-11.13.10-AM-768x727.jpeg 768w, https:\/\/jamesdeanbyrdfoundation.org\/wp-content\/uploads\/2026\/01\/WhatsApp-Image-2026-01-21-at-11.13.10-AM-1536x1453.jpeg 1536w, https:\/\/jamesdeanbyrdfoundation.org\/wp-content\/uploads\/2026\/01\/WhatsApp-Image-2026-01-21-at-11.13.10-AM.jpeg 1600w\" sizes=\"auto, (max-width: 1024px) 100vw, 1024px\" \/><\/figure><div class=\"wp-block-media-text__content\">\n<div class=\"wp-block-group is-style-default is-layout-constrained wp-container-core-group-is-layout-9a7b35d3 wp-block-group-is-layout-constrained\" style=\"padding-top:var(--wp--preset--spacing--40);padding-right:var(--wp--preset--spacing--30);padding-bottom:var(--wp--preset--spacing--40);padding-left:var(--wp--preset--spacing--30)\">\n<h3 class=\"wp-block-heading\" style=\"font-size:24px\">Apoyo al aprendizaje basado en la investigaci\u00f3n<\/h3>\n\n\n\n<p class=\"has-small-font-size\">Apoyo educativo que fomenta la curiosidad y el pensamiento cr\u00edtico en un entorno enriquecedor.<\/p>\n<\/div>\n<\/div><\/div>\n<\/div>\n\n\n\n<div class=\"wp-block-column is-vertically-aligned-stretch is-layout-flow wp-container-core-column-is-layout-119bc444 wp-block-column-is-layout-flow\">\n<div class=\"wp-block-media-text is-stacked-on-mobile is-image-fill-element is-style-ext-preset--media-text--natural-1--card-1 has-background-background-color has-background\"><figure class=\"wp-block-media-text__media\"><img loading=\"lazy\" decoding=\"async\" width=\"1024\" height=\"768\" src=\"https:\/\/jamesdeanbyrdfoundation.org\/wp-content\/uploads\/2026\/01\/WhatsApp-Image-2026-01-18-2-at-3.10.12-PM-1024x768.jpeg\" alt=\"\" class=\"wp-image-78 size-full\" style=\"object-position:50% 50%\" srcset=\"https:\/\/jamesdeanbyrdfoundation.org\/wp-content\/uploads\/2026\/01\/WhatsApp-Image-2026-01-18-2-at-3.10.12-PM-1024x768.jpeg 1024w, https:\/\/jamesdeanbyrdfoundation.org\/wp-content\/uploads\/2026\/01\/WhatsApp-Image-2026-01-18-2-at-3.10.12-PM-300x225.jpeg 300w, https:\/\/jamesdeanbyrdfoundation.org\/wp-content\/uploads\/2026\/01\/WhatsApp-Image-2026-01-18-2-at-3.10.12-PM-768x576.jpeg 768w, https:\/\/jamesdeanbyrdfoundation.org\/wp-content\/uploads\/2026\/01\/WhatsApp-Image-2026-01-18-2-at-3.10.12-PM.jpeg 1280w\" sizes=\"auto, (max-width: 1024px) 100vw, 1024px\" \/><\/figure><div class=\"wp-block-media-text__content\">\n<div class=\"wp-block-group is-style-default is-layout-constrained wp-container-core-group-is-layout-9a7b35d3 wp-block-group-is-layout-constrained\" style=\"padding-top:var(--wp--preset--spacing--40);padding-right:var(--wp--preset--spacing--30);padding-bottom:var(--wp--preset--spacing--40);padding-left:var(--wp--preset--spacing--30)\">\n<h3 class=\"wp-block-heading\" style=\"font-size:24px\">Iniciativas de participaci\u00f3n comunitaria<\/h3>\n\n\n\n<p class=\"has-small-font-size\">Programas destinados a conectar a los estudiantes con sus comunidades locales y globales para fomentar la empat\u00eda.<\/p>\n<\/div>\n<\/div><\/div>\n<\/div>\n<\/div>\n<\/div>\n\n\n\n<div class=\"inherit-container-width wp-block-group alignfull is-style-ext-preset--group--natural-1--section has-background-background-color has-background is-layout-constrained wp-container-core-group-is-layout-e955bbaf wp-block-group-is-layout-constrained\" style=\"margin-top:0;margin-bottom:0;padding-top:var(--wp--preset--spacing--70);padding-bottom:var(--wp--preset--spacing--70)\">\n<div class=\"wp-block-media-text alignwide has-media-on-the-right is-stacked-on-mobile is-image-fill-element is-style-ext-preset--media-text--natural-1--card-1 has-tertiary-background-color has-background\"><div class=\"wp-block-media-text__content\">\n<div class=\"wp-block-group alignwide is-vertical is-layout-flex wp-container-core-group-is-layout-53474e87 wp-block-group-is-layout-flex\" style=\"padding-top:var(--wp--preset--spacing--60);padding-bottom:var(--wp--preset--spacing--60)\">\n<div class=\"wp-block-group is-layout-constrained wp-container-core-group-is-layout-812d5580 wp-block-group-is-layout-constrained\" style=\"padding-top:0;padding-right:0;padding-bottom:0;padding-left:0\">\n<h2 class=\"wp-block-heading\">Empoderar a las mentes j\u00f3venes a trav\u00e9s del aprendizaje biling\u00fce<\/h2>\n\n\n\n<p>\u00danase a nosotros para construir un futuro m\u00e1s brillante apoyando la educaci\u00f3n biling\u00fce y la conciencia cultural en una peque\u00f1a escuela primaria de Ecuador. Descubra c\u00f3mo su participaci\u00f3n fomenta la ciudadan\u00eda global y enriquece la vida de los j\u00f3venes estudiantes.<\/p>\n<\/div>\n\n\n\n<div class=\"wp-block-buttons is-layout-flex wp-block-buttons-is-layout-flex\">\n<div class=\"wp-block-button is-style-ext-preset--button--natural-1--button-1\"><a class=\"wp-block-button__link wp-element-button\" href=\"https:\/\/jamesdeanbyrdfoundation.org\/es\/contact\/\">M\u00e1s informaci\u00f3n<\/a><\/div>\n<\/div>\n<\/div>\n<\/div><figure class=\"wp-block-media-text__media\"><img loading=\"lazy\" decoding=\"async\" width=\"1024\" height=\"392\" src=\"https:\/\/jamesdeanbyrdfoundation.org\/wp-content\/uploads\/2026\/01\/WhatsApp-Image-2026-01-20-at-11.48.58-PM-1024x392.jpeg\" alt=\"\" class=\"wp-image-149 size-full\" style=\"object-position:50% 50%\" srcset=\"https:\/\/jamesdeanbyrdfoundation.org\/wp-content\/uploads\/2026\/01\/WhatsApp-Image-2026-01-20-at-11.48.58-PM-1024x392.jpeg 1024w, https:\/\/jamesdeanbyrdfoundation.org\/wp-content\/uploads\/2026\/01\/WhatsApp-Image-2026-01-20-at-11.48.58-PM-300x115.jpeg 300w, https:\/\/jamesdeanbyrdfoundation.org\/wp-content\/uploads\/2026\/01\/WhatsApp-Image-2026-01-20-at-11.48.58-PM-768x294.jpeg 768w, https:\/\/jamesdeanbyrdfoundation.org\/wp-content\/uploads\/2026\/01\/WhatsApp-Image-2026-01-20-at-11.48.58-PM-1536x588.jpeg 1536w, https:\/\/jamesdeanbyrdfoundation.org\/wp-content\/uploads\/2026\/01\/WhatsApp-Image-2026-01-20-at-11.48.58-PM.jpeg 1600w\" sizes=\"auto, (max-width: 1024px) 100vw, 1024px\" \/><\/figure><\/div>\n<\/div>","protected":false},"excerpt":{"rendered":"<p>Fostering Global Citizenship Through Language Education Dedicated to supporting a small Ecuadorian elementary school, we promote bilingual education and inquiry-based [&hellip;]<\/p>","protected":false},"author":1,"featured_media":0,"parent":0,"menu_order":0,"comment_status":"closed","ping_status":"closed","template":"","meta":{"site-sidebar-layout":"default","site-content-layout":"","ast-site-content-layout":"default","site-content-style":"default","site-sidebar-style":"default","ast-global-header-display":"","ast-banner-title-visibility":"","ast-main-header-display":"","ast-hfb-above-header-display":"","ast-hfb-below-header-display":"","ast-hfb-mobile-header-display":"","site-post-title":"","ast-breadcrumbs-content":"","ast-featured-img":"","footer-sml-layout":"","ast-disable-related-posts":"","theme-transparent-header-meta":"","adv-header-id-meta":"","stick-header-meta":"","header-above-stick-meta":"","header-main-stick-meta":"","header-below-stick-meta":"","astra-migrate-meta-layouts":"default","ast-page-background-enabled":"default","ast-page-background-meta":{"desktop":{"background-color":"var(--ast-global-color-5)","background-image":"","background-repeat":"repeat","background-position":"center center","background-size":"auto","background-attachment":"scroll","background-type":"","background-media":"","overlay-type":"","overlay-color":"","overlay-opacity":"","overlay-gradient":""},"tablet":{"background-color":"","background-image":"","background-repeat":"repeat","background-position":"center center","background-size":"auto","background-attachment":"scroll","background-type":"","background-media":"","overlay-type":"","overlay-color":"","overlay-opacity":"","overlay-gradient":""},"mobile":{"background-color":"","background-image":"","background-repeat":"repeat","background-position":"center center","background-size":"auto","background-attachment":"scroll","background-type":"","background-media":"","overlay-type":"","overlay-color":"","overlay-opacity":"","overlay-gradient":""}},"ast-content-background-meta":{"desktop":{"background-color":"var(--ast-global-color-4)","background-image":"","background-repeat":"repeat","background-position":"center center","background-size":"auto","background-attachment":"scroll","background-type":"","background-media":"","overlay-type":"","overlay-color":"","overlay-opacity":"","overlay-gradient":""},"tablet":{"background-color":"var(--ast-global-color-4)","background-image":"","background-repeat":"repeat","background-position":"center center","background-size":"auto","background-attachment":"scroll","background-type":"","background-media":"","overlay-type":"","overlay-color":"","overlay-opacity":"","overlay-gradient":""},"mobile":{"background-color":"var(--ast-global-color-4)","background-image":"","background-repeat":"repeat","background-position":"center center","background-size":"auto","background-attachment":"scroll","background-type":"","background-media":"","overlay-type":"","overlay-color":"","overlay-opacity":"","overlay-gradient":""}},"footnotes":""},"class_list":["post-32","page","type-page","status-publish","hentry"],"aioseo_notices":[],"_links":{"self":[{"href":"https:\/\/jamesdeanbyrdfoundation.org\/es\/wp-json\/wp\/v2\/pages\/32","targetHints":{"allow":["GET"]}}],"collection":[{"href":"https:\/\/jamesdeanbyrdfoundation.org\/es\/wp-json\/wp\/v2\/pages"}],"about":[{"href":"https:\/\/jamesdeanbyrdfoundation.org\/es\/wp-json\/wp\/v2\/types\/page"}],"author":[{"embeddable":true,"href":"https:\/\/jamesdeanbyrdfoundation.org\/es\/wp-json\/wp\/v2\/users\/1"}],"replies":[{"embeddable":true,"href":"https:\/\/jamesdeanbyrdfoundation.org\/es\/wp-json\/wp\/v2\/comments?post=32"}],"version-history":[{"count":3,"href":"https:\/\/jamesdeanbyrdfoundation.org\/es\/wp-json\/wp\/v2\/pages\/32\/revisions"}],"predecessor-version":[{"id":156,"href":"https:\/\/jamesdeanbyrdfoundation.org\/es\/wp-json\/wp\/v2\/pages\/32\/revisions\/156"}],"wp:attachment":[{"href":"https:\/\/jamesdeanbyrdfoundation.org\/es\/wp-json\/wp\/v2\/media?parent=32"}],"curies":[{"name":"wp","href":"https:\/\/api.w.org\/{rel}","templated":true}]}}